{"id":7252,"date":"2023-09-26T11:58:53","date_gmt":"2023-09-26T14:58:53","guid":{"rendered":"https:\/\/brotead.com\/produccion-audiovisual\/"},"modified":"2024-03-01T15:52:02","modified_gmt":"2024-03-01T18:52:02","slug":"audiovisual-production","status":"publish","type":"page","link":"https:\/\/brotead.com\/en\/audiovisual-production\/","title":{"rendered":"Audiovisual production"},"content":{"rendered":"<div class=\"wpb-content-wrapper\"><p>[vc_row row_content_width=&#8221;grid&#8221; content_text_aligment=&#8221;center&#8221; enable_hue_rotation=&#8221;no&#8221; enable_text_marquee=&#8221;no&#8221;][vc_column]<div class=\"edgtf-elements-holder   edgtf-one-column  edgtf-responsive-mode-768 edgtf-one-column-alignment-left\" ><div class=\"edgtf-eh-item    edgtf-element-from-bottom\"  data-item-class=\"edgtf-eh-custom-1318\" data-animation=\"edgtf-element-from-bottom\" data-1024-1280=\"8% 0 17% 0\" data-768-1024=\"8% 0 17% 0\" data-680-768=\"8% 0 17% 0\" data-680=\"8% 0 17% 0\">\n\t<div class=\"edgtf-eh-item-inner\">\n\t\t<div class=\"edgtf-eh-item-content edgtf-eh-custom-1318\" style=\"padding: 0% 0 0% 0\">\n\t\t\t[vc_column_text]<\/p>\n<p style=\"text-align: left; font-size: 15px;\">At Brote, we are audiovisual production experts, understanding its impact in the digital era. From conception to final delivery, we give you complete support. We have a specialized team and modern technology equipment to create visual and audio content that connects to your audience.<\/p>\n<p style=\"text-align: left; font-size: 15px;\">We are aware that nowadays audiences have a preference for audiovisual content, and at Brote, we take advantage of this trend to improve your reach. We strategically adapt your material to different platforms and formats to guarantee its efficiency.<\/p>\n<p style=\"text-align: left; font-size: 15px;\">Also, we have a fully equipped TV studio, with high quality audio recording facilities and a committed team in charge of bringing your audiovisual projects to life. We work to take your brand to the next level with high quality productions.<\/p>\n<p>[\/vc_column_text]\t\t<\/div>\n\t<\/div>\n<\/div><\/div>[\/vc_column][\/vc_row][vc_row row_content_width=&#8221;grid&#8221; content_text_aligment=&#8221;center&#8221; enable_hue_rotation=&#8221;no&#8221; enable_text_marquee=&#8221;no&#8221;][vc_column css=&#8221;.vc_custom_1695051789358{padding-top: 100px !important;padding-bottom: 100px !important;}&#8221;][vc_empty_space height=&#8221;50px&#8221;]<div class=\"edgtf-elements-holder   edgtf-one-column  edgtf-responsive-mode-768 \" ><div class=\"edgtf-eh-item   edgtf-horizontal-alignment-center \"  data-item-class=\"edgtf-eh-custom-3586\">\n\t<div class=\"edgtf-eh-item-inner\">\n\t\t<div class=\"edgtf-eh-item-content edgtf-eh-custom-3586\" >\n\t\t\t<h2 class=\"edgtf-custom-font-holder  edgtf-cf-4865\" style=\"font-size: 150px;line-height: 38px;text-align: center\" data-item-class=\"edgtf-cf-4865\" data-font-size-1440=\"28px\" data-font-size-1280=\"18px\" data-font-size-1024=\"18px\" data-line-height-1440=\"32px\" data-line-height-1280=\"24px\" data-line-height-1024=\"24px\">\n<span class=\"edgtf-cf-label\">Let's talk<\/span>\n\t<\/h2>[vc_empty_space height=&#8221;80px&#8221;][vc_column_text]<a style=\"font-size: 35px; line-height: 38px; text-align: center; color: #1851e6; font-weight: bold;\" href=\"mailto:hola@brotead.com\">hola@brotead.com<\/a>[\/vc_column_text]\t\t<\/div>\n\t<\/div>\n<\/div><\/div>[\/vc_column][\/vc_row][vc_row enable_hue_rotation=&#8221;no&#8221; enable_text_marquee=&#8221;no&#8221;][vc_column][vc_column_text]<\/p>\n<p>[\/vc_column_text][\/vc_column][\/vc_row][vc_row enable_hue_rotation=&#8221;no&#8221; enable_text_marquee=&#8221;no&#8221;][vc_column][vc_raw_html]JTNDYSUyMGhyZWYlM0QlMjJodHRwcyUzQSUyRiUyRndhLm1lJTJGNTQ5MzQ5MjY0NjA5NyUzRnRleHQlM0QlQzIlQTFIb2xhJTIxJTI1MjBNZSUyNTIwaW50ZXJlc2ElMjUyMHNhYmVyJTI1MjBtJUMzJUExcyUyNTIwZGUlMjUyMGxhJTI1MjBwcm9wdWVzdGElMjUyMGRlJTI1MjBCcm90ZUFEJTIyJTIwY2xhc3MlM0QlMjJ3aGF0c2FwcCUyMiUyMHRhcmdldCUzRCUyMl9ibGFuayUyMiUzRSUyMCUzQ2klMjBjbGFzcyUzRCUyMmZhJTIwZmEtd2hhdHNhcHAlMjB3aGF0c2FwcC1pY29uJTIyJTNFJTNDJTJGaSUzRSUzQyUyRmElM0U=[\/vc_raw_html][\/vc_column][\/vc_row]<\/p>\n<\/div>","protected":false},"excerpt":{"rendered":"<p>[vc_row row_content_width=&#8221;grid&#8221; content_text_aligment=&#8221;center&#8221; enable_hue_rotation=&#8221;no&#8221; enable_text_marquee=&#8221;no&#8221;][vc_column][\/vc_column][\/vc_row][vc_row row_content_width=&#8221;grid&#8221; content_text_aligment=&#8221;center&#8221; enable_hue_rotation=&#8221;no&#8221; enable_text_marquee=&#8221;no&#8221;][vc_column css=&#8221;.vc_custom_1695051789358{padding-top: 100px !important;padding-bottom: 100px !important;}&#8221;][vc_empty_space height=&#8221;50px&#8221;][\/vc_column][\/vc_row][vc_row enable_hue_rotation=&#8221;no&#8221; enable_text_marquee=&#8221;no&#8221;][vc_column][vc_column_text] [\/vc_column_text][\/vc_column][\/vc_row][vc_row enable_hue_rotation=&#8221;no&#8221; enable_text_marquee=&#8221;no&#8221;][vc_column][vc_raw_html]JTNDYSUyMGhyZWYlM0QlMjJodHRwcyUzQSUyRiUyRndhLm1lJTJGNTQ5MzQ5MjY0NjA5NyUzRnRleHQlM0QlQzIlQTFIb2xhJTIxJTI1MjBNZSUyNTIwaW50ZXJlc2ElMjUyMHNhYmVyJTI1MjBtJUMzJUExcyUyNTIwZGUlMjUyMGxhJTI1MjBwcm9wdWVzdGElMjUyMGRlJTI1MjBCcm90ZUFEJTIyJTIwY2xhc3MlM0QlMjJ3aGF0c2FwcCUyMiUyMHRhcmdldCUzRCUyMl9ibGFuayUyMiUzRSUyMCUzQ2klMjBjbGFzcyUzRCUyMmZhJTIwZmEtd2hhdHNhcHAlMjB3aGF0c2FwcC1pY29uJTIyJTNFJTNDJTJGaSUzRSUzQyUyRmElM0U=[\/vc_raw_html][\/vc_column][\/vc_row]<\/p>\n","protected":false},"author":2,"featured_media":0,"parent":0,"menu_order":0,"comment_status":"closed","ping_status":"closed","template":"full-width.php","meta":{"footnotes":""},"class_list":["post-7252","page","type-page","status-publish","hentry"],"yoast_head":"<!-- This site is optimized with the Yoast SEO plugin v27.2 - https:\/\/yoast.com\/product\/yoast-seo-wordpress\/ -->\n<title>Brote AD - Somos Especialistas en Marketing y Comunicaci\u00f3n Digital<\/title>\n<meta name=\"description\" content=\"Ingres\u00e1 y conoc\u00e9 todos los servicios que podemos ofrecerte para llegar a tus clientes. Marketing Digital, Redes Sociales, Branding, Publicidad.\" \/>\n<meta name=\"robots\" content=\"index, follow, max-snippet:-1, max-image-preview:large, max-video-preview:-1\" \/>\n<link rel=\"canonical\" href=\"https:\/\/brotead.com\/en\/audiovisual-production\/\" \/>\n<meta property=\"og:locale\" content=\"en_US\" \/>\n<meta property=\"og:type\" content=\"article\" \/>\n<meta property=\"og:title\" content=\"Brote AD - Somos Especialistas en Marketing y Comunicaci\u00f3n Digital\" \/>\n<meta property=\"og:description\" content=\"Ingres\u00e1 y conoc\u00e9 todos los servicios que podemos ofrecerte para llegar a tus clientes. Marketing Digital, Redes Sociales, Branding, Publicidad.\" \/>\n<meta property=\"og:url\" content=\"https:\/\/brotead.com\/en\/audiovisual-production\/\" \/>\n<meta property=\"og:site_name\" content=\"Brote AD\" \/>\n<meta property=\"article:publisher\" content=\"https:\/\/www.facebook.com\/BroteAgenciaDigital\/\" \/>\n<meta property=\"article:modified_time\" content=\"2024-03-01T18:52:02+00:00\" \/>\n<meta name=\"twitter:card\" content=\"summary_large_image\" \/>\n<meta name=\"twitter:label1\" content=\"Est. reading time\" \/>\n\t<meta name=\"twitter:data1\" content=\"1 minute\" \/>\n<script type=\"application\/ld+json\" class=\"yoast-schema-graph\">{\"@context\":\"https:\/\/schema.org\",\"@graph\":[{\"@type\":\"WebPage\",\"@id\":\"https:\/\/brotead.com\/en\/audiovisual-production\/\",\"url\":\"https:\/\/brotead.com\/en\/audiovisual-production\/\",\"name\":\"Brote AD - Somos Especialistas en Marketing y Comunicaci\u00f3n Digital\",\"isPartOf\":{\"@id\":\"https:\/\/brotead.com\/#website\"},\"datePublished\":\"2023-09-26T14:58:53+00:00\",\"dateModified\":\"2024-03-01T18:52:02+00:00\",\"description\":\"Ingres\u00e1 y conoc\u00e9 todos los servicios que podemos ofrecerte para llegar a tus clientes. Marketing Digital, Redes Sociales, Branding, Publicidad.\",\"breadcrumb\":{\"@id\":\"https:\/\/brotead.com\/en\/audiovisual-production\/#breadcrumb\"},\"inLanguage\":\"en-US\",\"potentialAction\":[{\"@type\":\"ReadAction\",\"target\":[\"https:\/\/brotead.com\/en\/audiovisual-production\/\"]}]},{\"@type\":\"BreadcrumbList\",\"@id\":\"https:\/\/brotead.com\/en\/audiovisual-production\/#breadcrumb\",\"itemListElement\":[{\"@type\":\"ListItem\",\"position\":1,\"name\":\"Portada\",\"item\":\"https:\/\/brotead.com\/en\/\"},{\"@type\":\"ListItem\",\"position\":2,\"name\":\"Audiovisual production\"}]},{\"@type\":\"WebSite\",\"@id\":\"https:\/\/brotead.com\/#website\",\"url\":\"https:\/\/brotead.com\/\",\"name\":\"Brote AD\",\"description\":\"Agencia Digital\",\"potentialAction\":[{\"@type\":\"SearchAction\",\"target\":{\"@type\":\"EntryPoint\",\"urlTemplate\":\"https:\/\/brotead.com\/?s={search_term_string}\"},\"query-input\":{\"@type\":\"PropertyValueSpecification\",\"valueRequired\":true,\"valueName\":\"search_term_string\"}}],\"inLanguage\":\"en-US\"}]}<\/script>\n<!-- \/ Yoast SEO plugin. -->","yoast_head_json":{"title":"Brote AD - Somos Especialistas en Marketing y Comunicaci\u00f3n Digital","description":"Ingres\u00e1 y conoc\u00e9 todos los servicios que podemos ofrecerte para llegar a tus clientes. Marketing Digital, Redes Sociales, Branding, Publicidad.","robots":{"index":"index","follow":"follow","max-snippet":"max-snippet:-1","max-image-preview":"max-image-preview:large","max-video-preview":"max-video-preview:-1"},"canonical":"https:\/\/brotead.com\/en\/audiovisual-production\/","og_locale":"en_US","og_type":"article","og_title":"Brote AD - Somos Especialistas en Marketing y Comunicaci\u00f3n Digital","og_description":"Ingres\u00e1 y conoc\u00e9 todos los servicios que podemos ofrecerte para llegar a tus clientes. Marketing Digital, Redes Sociales, Branding, Publicidad.","og_url":"https:\/\/brotead.com\/en\/audiovisual-production\/","og_site_name":"Brote AD","article_publisher":"https:\/\/www.facebook.com\/BroteAgenciaDigital\/","article_modified_time":"2024-03-01T18:52:02+00:00","twitter_card":"summary_large_image","twitter_misc":{"Est. reading time":"1 minute"},"schema":{"@context":"https:\/\/schema.org","@graph":[{"@type":"WebPage","@id":"https:\/\/brotead.com\/en\/audiovisual-production\/","url":"https:\/\/brotead.com\/en\/audiovisual-production\/","name":"Brote AD - Somos Especialistas en Marketing y Comunicaci\u00f3n Digital","isPartOf":{"@id":"https:\/\/brotead.com\/#website"},"datePublished":"2023-09-26T14:58:53+00:00","dateModified":"2024-03-01T18:52:02+00:00","description":"Ingres\u00e1 y conoc\u00e9 todos los servicios que podemos ofrecerte para llegar a tus clientes. Marketing Digital, Redes Sociales, Branding, Publicidad.","breadcrumb":{"@id":"https:\/\/brotead.com\/en\/audiovisual-production\/#breadcrumb"},"inLanguage":"en-US","potentialAction":[{"@type":"ReadAction","target":["https:\/\/brotead.com\/en\/audiovisual-production\/"]}]},{"@type":"BreadcrumbList","@id":"https:\/\/brotead.com\/en\/audiovisual-production\/#breadcrumb","itemListElement":[{"@type":"ListItem","position":1,"name":"Portada","item":"https:\/\/brotead.com\/en\/"},{"@type":"ListItem","position":2,"name":"Audiovisual production"}]},{"@type":"WebSite","@id":"https:\/\/brotead.com\/#website","url":"https:\/\/brotead.com\/","name":"Brote AD","description":"Agencia Digital","potentialAction":[{"@type":"SearchAction","target":{"@type":"EntryPoint","urlTemplate":"https:\/\/brotead.com\/?s={search_term_string}"},"query-input":{"@type":"PropertyValueSpecification","valueRequired":true,"valueName":"search_term_string"}}],"inLanguage":"en-US"}]}},"_links":{"self":[{"href":"https:\/\/brotead.com\/en\/wp-json\/wp\/v2\/pages\/7252","targetHints":{"allow":["GET"]}}],"collection":[{"href":"https:\/\/brotead.com\/en\/wp-json\/wp\/v2\/pages"}],"about":[{"href":"https:\/\/brotead.com\/en\/wp-json\/wp\/v2\/types\/page"}],"author":[{"embeddable":true,"href":"https:\/\/brotead.com\/en\/wp-json\/wp\/v2\/users\/2"}],"replies":[{"embeddable":true,"href":"https:\/\/brotead.com\/en\/wp-json\/wp\/v2\/comments?post=7252"}],"version-history":[{"count":11,"href":"https:\/\/brotead.com\/en\/wp-json\/wp\/v2\/pages\/7252\/revisions"}],"predecessor-version":[{"id":7630,"href":"https:\/\/brotead.com\/en\/wp-json\/wp\/v2\/pages\/7252\/revisions\/7630"}],"wp:attachment":[{"href":"https:\/\/brotead.com\/en\/wp-json\/wp\/v2\/media?parent=7252"}],"curies":[{"name":"wp","href":"https:\/\/api.w.org\/{rel}","templated":true}]}}